{"id":824,"date":"2018-05-03T15:19:56","date_gmt":"2018-05-03T15:19:56","guid":{"rendered":"http:\/\/wpoffice\/enfold-lawyer\/?page_id=824"},"modified":"2022-03-09T07:14:10","modified_gmt":"2022-03-09T07:14:10","slug":"practice-areas","status":"publish","type":"page","link":"https:\/\/ergo-katzwinkel.selbit.de\/?page_id=824","title":{"rendered":"Practice Areas"},"content":{"rendered":"\n<style type=\"text\/css\" data-created_by=\"avia_inline_auto\" id=\"style-css-av-145nae-651eae05fb78bdd4dd273144f78011ac\">\n.avia-section.av-145nae-651eae05fb78bdd4dd273144f78011ac .av-section-color-overlay{\nopacity:0.6;\nbackground-color:#084a79;\n}\n<\/style>\n<div id='av_section_1'  class='avia-section av-145nae-651eae05fb78bdd4dd273144f78011ac main_color avia-section-default avia-no-border-styling  avia-builder-el-0  el_before_av_slideshow_full  avia-builder-el-first  avia-bg-style-scroll av-section-color-overlay-active av-minimum-height av-minimum-height-custom  container_wrap fullsize'  ><div class=\"av-section-color-overlay-wrap\"><div class=\"av-section-color-overlay\"><\/div><div class='container av-section-cont-open' style='height:230px'><main  role=\"main\" itemprop=\"mainContentOfPage\"  class='template-page content  av-content-full alpha units'><div class='post-entry post-entry-type-page post-entry-824'><div class='entry-content-wrapper clearfix'>\n\n<style type=\"text\/css\" data-created_by=\"avia_inline_auto\" id=\"style-css-av-jgf3pjem-ee2a691ebc0a9a100bc99d372a9c72ca\">\n#top .flex_column.av-jgf3pjem-ee2a691ebc0a9a100bc99d372a9c72ca{\nmargin-top:0px;\nmargin-bottom:0px;\n}\n.flex_column.av-jgf3pjem-ee2a691ebc0a9a100bc99d372a9c72ca{\nborder-radius:0px 0px 0px 0px;\n-webkit-border-radius:0px 0px 0px 0px;\n-moz-border-radius:0px 0px 0px 0px;\n}\n.responsive #top #wrap_all .flex_column.av-jgf3pjem-ee2a691ebc0a9a100bc99d372a9c72ca{\nmargin-top:0px;\nmargin-bottom:0px;\n}\n<\/style>\n<div class='flex_column av-jgf3pjem-ee2a691ebc0a9a100bc99d372a9c72ca av_one_full  avia-builder-el-1  avia-builder-el-no-sibling  first flex_column_div  av-animated-generic left-to-right av-zero-column-padding '   ><style type=\"text\/css\" data-created_by=\"avia_inline_auto\" id=\"style-css-av-jgs0mnr3-7317b6a67575e7cbe725eeff05e72945\">\n#top .av-special-heading.av-jgs0mnr3-7317b6a67575e7cbe725eeff05e72945{\npadding-bottom:0px;\ncolor:#ffffff;\nfont-size:4vw;\n}\nbody .av-special-heading.av-jgs0mnr3-7317b6a67575e7cbe725eeff05e72945 .av-special-heading-tag .heading-char{\nfont-size:25px;\n}\n#top #wrap_all .av-special-heading.av-jgs0mnr3-7317b6a67575e7cbe725eeff05e72945 .av-special-heading-tag{\nfont-size:4vw;\n}\n.av-special-heading.av-jgs0mnr3-7317b6a67575e7cbe725eeff05e72945 .special-heading-inner-border{\nborder-color:#ffffff;\n}\n.av-special-heading.av-jgs0mnr3-7317b6a67575e7cbe725eeff05e72945 .av-subheading{\nfont-size:25px;\n}\n<\/style>\n<div  class='av-special-heading av-jgs0mnr3-7317b6a67575e7cbe725eeff05e72945 av-special-heading-h2 custom-color-heading blockquote modern-quote modern-centered  avia-builder-el-2  avia-builder-el-no-sibling  av-inherit-size'><h2 class='av-special-heading-tag'  itemprop=\"headline\"  >Practice Areas<\/h2><div class=\"special-heading-border\"><div class=\"special-heading-inner-border\"><\/div><\/div><\/div><\/div>\n\n<\/div><\/div><\/main><!-- close content main element --><\/div><\/div><\/div><div id='full_slider_1'  class='avia-fullwidth-slider main_color avia-shadow   avia-builder-el-3  el_after_av_section  avia-builder-el-last   slider-not-first container_wrap fullsize'  >\n<style type=\"text\/css\" data-created_by=\"avia_inline_auto\" id=\"style-css-av-l0j7u2mv-0b90747f73065d5bb77a4563840983a0\">\n#top #wrap_all .avia-slideshow .av-slideshow-caption.av-l0j7u2mv-0b90747f73065d5bb77a4563840983a0__1 .avia-caption-title{\ncolor:#000000;\n}\n<\/style>\n<div  class='avia-slideshow av-l0j7u2mv-0b90747f73065d5bb77a4563840983a0 av-control-default avia-slideshow-no scaling av_slideshow_full avia-slide-slider av-default-height-applied  image_no_stretch avia-slideshow-1'  data-size='no scaling'  data-lightbox_size='large'  data-animation='slide'  data-conditional_play=''  data-ids=',971,972,974'  data-video_counter='0'  data-autoplay='false'  data-bg_slider='false'  data-slide_height=''  data-handle='av_slideshow_full'  data-interval='9'  data-class=''  data-extra_class=' image_no_stretch'  data-el_id=''  data-css_id=''  data-scroll_down=''  data-control_layout='av-control-default'  data-custom_markup=''  data-perma_caption=''  data-autoplay_stopper=''  data-image_attachment=''  data-min_height='0px'  data-lazy_loading='disabled'  data-default-height='56.25'  data-stretch='image_no_stretch'  data-src=''  data-position='top left'  data-repeat='no-repeat'  data-attach='scroll'  data-img_scrset=''  data-av-desktop-hide=''  data-av-medium-hide=''  data-av-small-hide=''  data-av-mini-hide=''  data-id=''  data-custom_class=''  data-template_class=''  data-av_uid='av-l0j7u2mv'  data-sc_version='1.0'  data-heading_tag=''  data-heading_class=''   itemprop=\"image\" itemscope=\"itemscope\" itemtype=\"https:\/\/schema.org\/ImageObject\" ><ul class='avia-slideshow-inner ' style='padding-bottom: 56.25%;'><li  class='avia-slideshow-slide av-l0j7u2mv-0b90747f73065d5bb77a4563840983a0__1  slide-1 ' ><div data-rel='slideshow-1' class='avia-slide-wrap '   ><div class='av-slideshow-caption av-l0j7u2mv-0b90747f73065d5bb77a4563840983a0__1 caption_fullwidth caption_left'><div class=\"container caption_container\"><div class=\"slideshow_caption\"><div class=\"slideshow_inner_caption\"><div class=\"slideshow_align_caption\"><h2 class='avia-caption-title '  itemprop=\"name\" >Abschlie\u00dfen, wenn es eigentlich schon zu sp\u00e4t ist Diese Zahnzusatzversicherung ist noch bei bereits begonnenen Behandlungen m\u00f6glich. Sie erhalten eine Verdopplung des Festzuschusses bis zu 100% und verzichten auf Gesundheitsfragen sowie Wartezeiten.<\/h2><\/div><\/div><\/div><\/div><\/div><img decoding=\"async\" class=\"wp-image-971 avia-img-lazy-loading-not-971\"  src=\"https:\/\/ergo-katzwinkel.selbit.de\/wp-content\/uploads\/2022\/03\/Zahnzusatzmit-Sofortleistung720x405.jpg\" width=\"720\" height=\"405\" title='' alt=''  itemprop=\"thumbnailUrl\" srcset=\"https:\/\/ergo-katzwinkel.selbit.de\/wp-content\/uploads\/2022\/03\/Zahnzusatzmit-Sofortleistung720x405.jpg 720w, https:\/\/ergo-katzwinkel.selbit.de\/wp-content\/uploads\/2022\/03\/Zahnzusatzmit-Sofortleistung720x405-300x169.jpg 300w, https:\/\/ergo-katzwinkel.selbit.de\/wp-content\/uploads\/2022\/03\/Zahnzusatzmit-Sofortleistung720x405-705x397.jpg 705w\" sizes=\"(max-width: 720px) 100vw, 720px\" \/><\/div><\/li><li  class='avia-slideshow-slide av-l0j7u2mv-0b90747f73065d5bb77a4563840983a0__2  slide-2 ' ><div data-rel='slideshow-1' class='avia-slide-wrap '   ><img decoding=\"async\" class=\"wp-image-972 avia-img-lazy-loading-not-972\"  src=\"https:\/\/ergo-katzwinkel.selbit.de\/wp-content\/uploads\/2022\/03\/Private-Rente_1200x675.jpg\" width=\"1200\" height=\"675\" title='' alt=''  itemprop=\"thumbnailUrl\" srcset=\"https:\/\/ergo-katzwinkel.selbit.de\/wp-content\/uploads\/2022\/03\/Private-Rente_1200x675.jpg 1200w, https:\/\/ergo-katzwinkel.selbit.de\/wp-content\/uploads\/2022\/03\/Private-Rente_1200x675-300x169.jpg 300w, https:\/\/ergo-katzwinkel.selbit.de\/wp-content\/uploads\/2022\/03\/Private-Rente_1200x675-1030x579.jpg 1030w, https:\/\/ergo-katzwinkel.selbit.de\/wp-content\/uploads\/2022\/03\/Private-Rente_1200x675-768x432.jpg 768w, https:\/\/ergo-katzwinkel.selbit.de\/wp-content\/uploads\/2022\/03\/Private-Rente_1200x675-705x397.jpg 705w\" sizes=\"(max-width: 1200px) 100vw, 1200px\" \/><\/div><\/li><li  class='avia-slideshow-slide av-l0j7u2mv-0b90747f73065d5bb77a4563840983a0__3  slide-3 ' ><div data-rel='slideshow-1' class='avia-slide-wrap '   ><img decoding=\"async\" class=\"wp-image-974 avia-img-lazy-loading-not-974\"  src=\"https:\/\/ergo-katzwinkel.selbit.de\/wp-content\/uploads\/2022\/03\/Autoversicherung_1200x675.jpg\" width=\"1200\" height=\"675\" title='' alt=''  itemprop=\"thumbnailUrl\" srcset=\"https:\/\/ergo-katzwinkel.selbit.de\/wp-content\/uploads\/2022\/03\/Autoversicherung_1200x675.jpg 1200w, https:\/\/ergo-katzwinkel.selbit.de\/wp-content\/uploads\/2022\/03\/Autoversicherung_1200x675-300x169.jpg 300w, https:\/\/ergo-katzwinkel.selbit.de\/wp-content\/uploads\/2022\/03\/Autoversicherung_1200x675-1030x579.jpg 1030w, https:\/\/ergo-katzwinkel.selbit.de\/wp-content\/uploads\/2022\/03\/Autoversicherung_1200x675-768x432.jpg 768w, https:\/\/ergo-katzwinkel.selbit.de\/wp-content\/uploads\/2022\/03\/Autoversicherung_1200x675-705x397.jpg 705w\" sizes=\"(max-width: 1200px) 100vw, 1200px\" \/><\/div><\/li><\/ul><div class='avia-slideshow-arrows avia-slideshow-controls' ><a href='#prev' class='prev-slide ' aria-hidden='true' data-av_icon='\ue87c' data-av_iconfont='entypo-fontello'  tabindex='-1'>Zur\u00fcck<\/a><a href='#next' class='next-slide ' aria-hidden='true' data-av_icon='\ue87d' data-av_iconfont='entypo-fontello'  tabindex='-1'>Weiter<\/a><\/div><div class='avia-slideshow-dots avia-slideshow-controls'><a href='#1' class='goto-slide active' >1<\/a><a href='#2' class='goto-slide ' >2<\/a><\/div><\/div><\/div>\n","protected":false},"excerpt":{"rendered":"","protected":false},"author":1,"featured_media":0,"parent":0,"menu_order":0,"comment_status":"closed","ping_status":"closed","template":"","meta":{"footnotes":""},"class_list":["post-824","page","type-page","status-publish","hentry"],"_links":{"self":[{"href":"https:\/\/ergo-katzwinkel.selbit.de\/index.php?rest_route=\/wp\/v2\/pages\/824","targetHints":{"allow":["GET"]}}],"collection":[{"href":"https:\/\/ergo-katzwinkel.selbit.de\/index.php?rest_route=\/wp\/v2\/pages"}],"about":[{"href":"https:\/\/ergo-katzwinkel.selbit.de\/index.php?rest_route=\/wp\/v2\/types\/page"}],"author":[{"embeddable":true,"href":"https:\/\/ergo-katzwinkel.selbit.de\/index.php?rest_route=\/wp\/v2\/users\/1"}],"replies":[{"embeddable":true,"href":"https:\/\/ergo-katzwinkel.selbit.de\/index.php?rest_route=%2Fwp%2Fv2%2Fcomments&post=824"}],"version-history":[{"count":13,"href":"https:\/\/ergo-katzwinkel.selbit.de\/index.php?rest_route=\/wp\/v2\/pages\/824\/revisions"}],"predecessor-version":[{"id":988,"href":"https:\/\/ergo-katzwinkel.selbit.de\/index.php?rest_route=\/wp\/v2\/pages\/824\/revisions\/988"}],"wp:attachment":[{"href":"https:\/\/ergo-katzwinkel.selbit.de\/index.php?rest_route=%2Fwp%2Fv2%2Fmedia&parent=824"}],"curies":[{"name":"wp","href":"https:\/\/api.w.org\/{rel}","templated":true}]}}